{"id":46,"date":"2014-04-01T23:48:49","date_gmt":"2014-04-01T21:48:49","guid":{"rendered":"http:\/\/www.euroka.de\/?page_id=46"},"modified":"2015-04-28T13:09:18","modified_gmt":"2015-04-28T11:09:18","slug":"start","status":"publish","type":"page","link":"https:\/\/www.euroka.de\/","title":{"rendered":"Start"},"content":{"rendered":"<h2>EuroKa \u2013 verl\u00e4sslicher Handel mit dem Kaukasus<\/h2>\n<p>Die Beziehungen zwischen Europa und dem Kaukasus sind gut, die Handelsbeziehungen k\u00f6nnten aber durchaus noch intensiver sein. Wie kommt es, dass nicht mehr europ\u00e4ische Unternehmen dort aktiv werden? Der Markt dort ist durch die kleinen Republiken zersplittert, die sprachlichen Barrieren sind gro\u00df, der Aufwand in diesen Markt einzutreten ist relativ hoch. Aber dennoch ist es ein attraktiver Absatzmarkt, der zahlungskr\u00e4ftige und qualit\u00e4tsbewusste Kundschaft aufweist.<\/p>\n<p>Aber es ist auch ein interessanter Markt: Georgien als verl\u00e4sslicher Partner im Kaukasus unterh\u00e4lt Freihandelsabkommen mit den meisten GUS-Staaten, hat eine sehr gut ausgebaute Infrastruktur, bietet einen sicheren und verl\u00e4sslichen rechtlichen Rahmen f\u00fcr gesch\u00e4ftliche T\u00e4tigkeiten und ein ausgesprochen unternehmensfreundliches Umfeld. Auch die Korruptionsbek\u00e4mpfung braucht den Vergleich mit etablierten Europ\u00e4ischen L\u00e4ndern nicht zu scheuen, wie ein Blick auf den <a title=\"Koruptions-Ranking 2012, Georgien Platz 51\" href=\"https:\/\/www.transparency.org\/files\/content\/publication\/Annual_Report_2012.pdf?AcroJS_DesignerJS.pdf#page=25\" target=\"_blank\">Transparency-Index<\/a> belegt.<\/p>\n<h3>Taxation &#8211; simple, low, efficient and fair<\/h3>\n<p><a href=\"http:\/\/www.euroka.de\/wp-content\/uploads\/2014\/07\/Berlin_2014.jpg\"><img decoding=\"async\" loading=\"lazy\" class=\"alignleft  wp-image-173\" src=\"http:\/\/www.euroka.de\/wp-content\/uploads\/2014\/07\/Berlin_2014-300x250.jpg\" alt=\"Berlin_2014\" width=\"307\" height=\"256\" srcset=\"https:\/\/www.euroka.de\/wp-content\/uploads\/2014\/07\/Berlin_2014-300x250.jpg 300w, https:\/\/www.euroka.de\/wp-content\/uploads\/2014\/07\/Berlin_2014.jpg 600w\" sizes=\"(max-width: 307px) 100vw, 307px\" \/><\/a>Es gibt in Georgien nur sechs Arten von (relativ niedrigen) Steuern, eine sehr \u00fcberschaubare B\u00fcrokratie und kurze Wege und Bearbeitungszeiten. Ein Blick in den\u00a0 <a title=\"Doing Business Report 2014 Georgien Platz 8 weltweit\" href=\"http:\/\/www.doingbusiness.org\/data\/exploreeconomies\/georgia\/\" target=\"_blank\">&#8222;Doing Business&#8220;-Report<\/a> belegt eindrucksvoll die Erfolge der letzten Jahre bei der Restrukturierung des Landes. Auch f\u00fcr 2015 sieht die <a title=\"Kompletter Doing Business-Report als PDF\" href=\"http:\/\/www.doingbusiness.org\/~\/media\/GIAWB\/Doing%20Business\/Documents\/Annual-Reports\/English\/DB15-Full-Report.pdf#16\" target=\"_blank\">Einsch\u00e4tzung der Weltbank<\/a> Deutschland und Georgien auf den Pl\u00e4tzen 14 und 15 direkt gleichauf.<br \/>\nDie meisten Anliegen an die Verwaltung werden innerhalb weniger Tage bearbeitet,\u00a0 bei gleichzeitig hoher Qualit\u00e4t und Transparenz des Verwaltungshandelns.<\/p>\n<p><em>Im Bild:<\/em> <em>Georgisch-Deutsches Wirtschaftsforum 2014 in Berlin, Giorgi Pertaia, Direktor &#8222;<span class=\"st\">Georgian National Investments Agency<\/span>&#8222;<\/em><\/p>\n<h3>Wir helfen, diesen attraktiven Markt zu erobern<\/h3>\n<p>EuroKa hat zum Ziel, bedarfsgerechte Angebote und Kontakte f\u00fcr die Kaukausl\u00e4nder zu vermitteln, insbesondere f\u00fcr Georgien. Unser Fokus liegt dabei auf der Baubranche, aber auch der Handel mit Luxus- und Gebrauchsg\u00fctern sowie die Beratung von Unternehmen und die Kontaktvermittlung sind unser Anliegen.<\/p>\n<p>Der Vorteil ist beiderseitig: Der teilweise von nur wenigen Anbietern besetzte Markt im Kaukasus wird durch mehr und andere Produkte bereichert; es gibt mehr Auswahl, und das zu Preisen, wie sie auf einem freien Markt \u00fcblich sind.<\/p>\n<p>Die von von uns vertretenen europ\u00e4ischen Anbieter haben einen verl\u00e4sslichen deutschen Ansprechpartner mit Gerichtsstand in Deutschland und ohne sprachliche Barrieren, und k\u00f6nnen so sehr einfach in einer attraktiven, investitionsfreudigen Region zus\u00e4tzliches Gesch\u00e4ft generieren.<\/p>\n<p><strong>EuroKa<\/strong> schl\u00e4gt so eine zus\u00e4tzliche Handelsbr\u00fccke zwischen <strong>Euro<\/strong>pa und dem <strong>Ka<\/strong>ukasus.<\/p>\n","protected":false},"excerpt":{"rendered":"<p>EuroKa \u2013 verl\u00e4sslicher Handel mit dem Kaukasus Die Beziehungen zwischen Europa und dem Kaukasus sind gut, die Handelsbeziehungen k\u00f6nnten aber durchaus noch intensiver sein. Wie kommt es, dass nicht mehr europ\u00e4ische Unternehmen dort aktiv werden? Der Markt dort ist durch die kleinen Republiken zersplittert, die sprachlichen Barrieren sind gro\u00df, der Aufwand in diesen Markt einzutreten [&hellip;]<\/p>\n","protected":false},"author":1,"featured_media":0,"parent":0,"menu_order":0,"comment_status":"closed","ping_status":"closed","template":"","meta":{"ngg_post_thumbnail":0},"_links":{"self":[{"href":"https:\/\/www.euroka.de\/index.php?rest_route=\/wp\/v2\/pages\/46"}],"collection":[{"href":"https:\/\/www.euroka.de\/index.php?rest_route=\/wp\/v2\/pages"}],"about":[{"href":"https:\/\/www.euroka.de\/index.php?rest_route=\/wp\/v2\/types\/page"}],"author":[{"embeddable":true,"href":"https:\/\/www.euroka.de\/index.php?rest_route=\/wp\/v2\/users\/1"}],"replies":[{"embeddable":true,"href":"https:\/\/www.euroka.de\/index.php?rest_route=%2Fwp%2Fv2%2Fcomments&post=46"}],"version-history":[{"count":29,"href":"https:\/\/www.euroka.de\/index.php?rest_route=\/wp\/v2\/pages\/46\/revisions"}],"predecessor-version":[{"id":188,"href":"https:\/\/www.euroka.de\/index.php?rest_route=\/wp\/v2\/pages\/46\/revisions\/188"}],"wp:attachment":[{"href":"https:\/\/www.euroka.de\/index.php?rest_route=%2Fwp%2Fv2%2Fmedia&parent=46"}],"curies":[{"name":"wp","href":"https:\/\/api.w.org\/{rel}","templated":true}]}}